{"id":7460,"date":"2023-06-21T13:31:00","date_gmt":"2023-06-21T11:31:00","guid":{"rendered":"https:\/\/old.moebeltransporte.lindnersolutions.de\/?page_id=7460"},"modified":"2026-02-06T17:40:03","modified_gmt":"2026-02-06T16:40:03","slug":"onlinebewerbung","status":"publish","type":"page","link":"https:\/\/old.moebeltransporte.lindnersolutions.de\/?page_id=7460","title":{"rendered":"Onlinebewerbung"},"content":{"rendered":"[vc_row type=&#8220;full_width_content&#8220; full_screen_row_position=&#8220;middle&#8220; column_margin=&#8220;none&#8220; column_direction=&#8220;default&#8220; column_direction_tablet=&#8220;default&#8220; column_direction_phone=&#8220;default&#8220; bg_color=&#8220;#000833&#8243; scene_position=&#8220;center&#8220; top_padding=&#8220;8%&#8220; constrain_group_1=&#8220;yes&#8220; bottom_padding=&#8220;8%&#8220; left_padding_desktop=&#8220;25%&#8220; constrain_group_2=&#8220;yes&#8220; right_padding_desktop=&#8220;25%&#8220; top_padding_tablet=&#8220;12%&#8220; constrain_group_3=&#8220;yes&#8220; bottom_padding_tablet=&#8220;12%&#8220; left_padding_tablet=&#8220;18%&#8220; constrain_group_4=&#8220;yes&#8220; right_padding_tablet=&#8220;18%&#8220; top_padding_phone=&#8220;14%&#8220; constrain_group_5=&#8220;yes&#8220; bottom_padding_phone=&#8220;14%&#8220; left_padding_phone=&#8220;5%&#8220; constrain_group_6=&#8220;yes&#8220; right_padding_phone=&#8220;5%&#8220; top_margin=&#8220;0&#8243; constrain_group_7=&#8220;yes&#8220; bottom_margin=&#8220;0&#8243; text_color=&#8220;light&#8220; text_align=&#8220;left&#8220; row_border_radius=&#8220;none&#8220; row_border_radius_applies=&#8220;bg&#8220; overflow=&#8220;visible&#8220; id=&#8220;formular&#8220; overlay_strength=&#8220;0.3&#8243; gradient_direction=&#8220;left_to_right&#8220; shape_divider_position=&#8220;bottom&#8220; bg_image_animation=&#8220;none&#8220; shape_type=&#8220;&#8220; gradient_type=&#8220;default&#8220;][vc_column column_padding=&#8220;no-extra-padding&#8220; column_padding_tablet=&#8220;inherit&#8220; column_padding_phone=&#8220;inherit&#8220; column_padding_position=&#8220;all&#8220; column_element_direction_desktop=&#8220;default&#8220; column_element_spacing=&#8220;default&#8220; centered_text=&#8220;true&#8220; desktop_text_alignment=&#8220;default&#8220; tablet_text_alignment=&#8220;default&#8220; phone_text_alignment=&#8220;default&#8220; background_color_opacity=&#8220;1&#8243; background_hover_color_opacity=&#8220;1&#8243; column_backdrop_filter=&#8220;none&#8220; column_shadow=&#8220;none&#8220; column_border_radius=&#8220;none&#8220; column_link_target=&#8220;_self&#8220; column_position=&#8220;default&#8220; gradient_direction=&#8220;left_to_right&#8220; overlay_strength=&#8220;0.3&#8243; width=&#8220;1\/1&#8243; tablet_width_inherit=&#8220;default&#8220; animation_type=&#8220;default&#8220; bg_image_animation=&#8220;none&#8220; border_type=&#8220;simple&#8220; column_border_width=&#8220;none&#8220; column_border_style=&#8220;solid&#8220; column_padding_type=&#8220;default&#8220; gradient_type=&#8220;default&#8220;][vc_column_text css=&#8220;.vc_custom_1744174512821{margin-top: 0px !important;margin-bottom: 0px !important;padding-top: 5px !important;padding-bottom: 5px !important;}&#8220; text_direction=&#8220;default&#8220;]\n<h6>Krisensicher und \u00fcberdurchschnittlich verg\u00fctet<\/h6>\n[\/vc_column_text][split_line_heading animation_type=&#8220;line-reveal-by-space&#8220; font_style=&#8220;h1&#8243; text_color=&#8220;#eeb13d&#8220; line_reveal_by_space_text_effect=&#8220;default&#8220; content_alignment=&#8220;default&#8220; mobile_content_alignment=&#8220;inherit&#8220; link_target=&#8220;_self&#8220; text_content=&#8220;Starke Zukunft&#8220; text_direction=&#8220;default&#8220; font_line_height=&#8220;1.3em&#8220; font_size=&#8220;5vw&#8220;][\/split_line_heading][divider line_type=&#8220;No Line&#8220; custom_height=&#8220;40&#8243;][vc_row_inner column_margin=&#8220;default&#8220; column_direction=&#8220;default&#8220; column_direction_tablet=&#8220;default&#8220; column_direction_phone=&#8220;default&#8220; text_align=&#8220;left&#8220; row_position=&#8220;default&#8220; row_position_tablet=&#8220;inherit&#8220; row_position_phone=&#8220;inherit&#8220; overflow=&#8220;visible&#8220; pointer_events=&#8220;all&#8220;][vc_column_inner column_padding=&#8220;no-extra-padding&#8220; column_padding_tablet=&#8220;inherit&#8220; column_padding_phone=&#8220;inherit&#8220; column_padding_position=&#8220;all&#8220; column_element_direction_desktop=&#8220;default&#8220; column_element_spacing=&#8220;default&#8220; desktop_text_alignment=&#8220;left&#8220; tablet_text_alignment=&#8220;left&#8220; phone_text_alignment=&#8220;left&#8220; background_color_opacity=&#8220;1&#8243; background_hover_color_opacity=&#8220;1&#8243; column_backdrop_filter=&#8220;none&#8220; font_color=&#8220;#ffffff&#8220; column_shadow=&#8220;none&#8220; column_border_radius=&#8220;none&#8220; column_link_target=&#8220;_self&#8220; overflow=&#8220;visible&#8220; gradient_direction=&#8220;left_to_right&#8220; overlay_strength=&#8220;0.3&#8243; width=&#8220;1\/1&#8243; tablet_width_inherit=&#8220;default&#8220; animation_type=&#8220;default&#8220; bg_image_animation=&#8220;none&#8220; border_type=&#8220;simple&#8220; column_border_width=&#8220;none&#8220; column_border_style=&#8220;solid&#8220; column_padding_type=&#8220;default&#8220; gradient_type=&#8220;default&#8220;]\n<div class=\"wpcf7 no-js\" id=\"wpcf7-f7459-o1\" lang=\"de-DE\" dir=\"ltr\" data-wpcf7-id=\"7459\">\n<div class=\"screen-reader-response\"><p role=\"status\" aria-live=\"polite\" aria-atomic=\"true\"><\/p> <ul><\/ul><\/div>\n<form action=\"\/index.php?rest_route=%2Fwp%2Fv2%2Fpages%2F7460#wpcf7-f7459-o1\" method=\"post\" class=\"wpcf7-form init\" aria-label=\"Kontaktformular\" enctype=\"multipart\/form-data\" novalidate=\"novalidate\" data-status=\"init\">\n<fieldset class=\"hidden-fields-container\"><input type=\"hidden\" name=\"_wpcf7\" value=\"7459\" \/><input type=\"hidden\" name=\"_wpcf7_version\" value=\"6.1.5\" \/><input type=\"hidden\" name=\"_wpcf7_locale\" value=\"de_DE\" \/><input type=\"hidden\" name=\"_wpcf7_unit_tag\" value=\"wpcf7-f7459-o1\" \/><input type=\"hidden\" name=\"_wpcf7_container_post\" value=\"0\" \/><input type=\"hidden\" name=\"_wpcf7_posted_data_hash\" value=\"\" \/>\n<\/fieldset>\n<h3 class=\"formular\" style=\"text-align:left\">Online Bewerbung\n<\/h3>\n<p><label><span class=\"wpcf7-form-control-wrap\" data-name=\"your-name\"><input size=\"40\" maxlength=\"400\" class=\"wpcf7-form-control wpcf7-text\" aria-invalid=\"false\" placeholder=\"Vorname\/Name*\" value=\"\" type=\"text\" name=\"your-name\" \/><\/span><\/label><br \/>\n<label><span class=\"wpcf7-form-control-wrap\" data-name=\"your-email\"><input size=\"40\" maxlength=\"400\" class=\"wpcf7-form-control wpcf7-email wpcf7-validates-as-required wpcf7-text wpcf7-validates-as-email\" aria-required=\"true\" aria-invalid=\"false\" placeholder=\"E-Mail*\" value=\"\" type=\"email\" name=\"your-email\" \/><\/span><\/label><br \/>\n<label><span class=\"wpcf7-form-control-wrap\" data-name=\"strasse-text-01\"><input size=\"40\" maxlength=\"400\" class=\"wpcf7-form-control wpcf7-text wpcf7-validates-as-required\" aria-required=\"true\" aria-invalid=\"false\" placeholder=\"Stra\u00dfe\/Hausnummer*\" value=\"\" type=\"text\" name=\"strasse-text-01\" \/><\/span><\/label><br \/>\n<label><span class=\"wpcf7-form-control-wrap\" data-name=\"Ort-text-02\"><input size=\"40\" maxlength=\"400\" class=\"wpcf7-form-control wpcf7-text wpcf7-validates-as-required\" aria-required=\"true\" aria-invalid=\"false\" placeholder=\"Postleitzahl*\" value=\"\" type=\"text\" name=\"Ort-text-02\" \/><\/span><\/label><br \/>\n<label><span class=\"wpcf7-form-control-wrap\" data-name=\"tel-242\"><input size=\"40\" maxlength=\"400\" class=\"wpcf7-form-control wpcf7-tel wpcf7-validates-as-required wpcf7-text wpcf7-validates-as-tel\" aria-required=\"true\" aria-invalid=\"false\" placeholder=\"Telefon\" value=\"\" type=\"tel\" name=\"tel-242\" \/><\/span><\/label>\n<\/p>\n<h3 style=\"color:#eeb13d;\">Ausbildungsplatz\n<\/h3>\n<p>Ich bewerbe mich f\u00fcr eine Ausbildung:\n<\/p>\n<p><span class=\"wpcf7-form-control-wrap\" data-name=\"menu-331\"><select class=\"wpcf7-form-control wpcf7-select wpcf7-validates-as-required\" aria-required=\"true\" aria-invalid=\"false\" name=\"menu-331\"><option value=\"Bitte ausw\u00e4hlen\">Bitte ausw\u00e4hlen<\/option><option value=\"Berufskraftfahrer (m\/w\/d)\">Berufskraftfahrer (m\/w\/d)<\/option><option value=\"Kaufmann\/Kauffrau (m\/w\/d) f\u00fcr Spedition und Logistikdienstleistung\">Kaufmann\/Kauffrau (m\/w\/d) f\u00fcr Spedition und Logistikdienstleistung<\/option><option value=\"Fachkraft (m\/w\/d) f\u00fcr Lagerlogistik\">Fachkraft (m\/w\/d) f\u00fcr Lagerlogistik<\/option><option value=\"Fachkraft (m\/w\/d) f\u00fcr M\u00f6bel-, K\u00fcchen- und Umzugsservice\">Fachkraft (m\/w\/d) f\u00fcr M\u00f6bel-, K\u00fcchen- und Umzugsservice<\/option><\/select><\/span>\n<\/p>\n<h3 style=\"color:#eeb13d;\">Job-Bewerbung\n<\/h3>\n<p>Ich bewerbe mich f\u00fcr eine Stelle als:\n<\/p>\n<p><span class=\"wpcf7-form-control-wrap\" data-name=\"menu-519\"><select class=\"wpcf7-form-control wpcf7-select\" aria-invalid=\"false\" name=\"menu-519\"><option value=\"Bitte ausw\u00e4hlen\">Bitte ausw\u00e4hlen<\/option><option value=\"Mechatroniker, Karosseriebauer, Schlosser, Quereinsteiger (m\/w\/d)\">Mechatroniker, Karosseriebauer, Schlosser, Quereinsteiger (m\/w\/d)<\/option><option value=\"Transporterfahrer bis 3,5 t (m\/w\/d)\">Transporterfahrer bis 3,5 t (m\/w\/d)<\/option><option value=\"Kraftfahrer (m\/w\/d) Nahverkehr\">Kraftfahrer (m\/w\/d) Nahverkehr<\/option><option value=\"Kraftfahrer (m\/w\/d) Fernverkehr\">Kraftfahrer (m\/w\/d) Fernverkehr<\/option><option value=\"K\u00fcchen- und M\u00f6belmonteur (m\/w\/d)\">K\u00fcchen- und M\u00f6belmonteur (m\/w\/d)<\/option><\/select><\/span>\n<\/p>\n<h3>Dokumente\n<\/h3>\n<p>Hier k\u00f6nnen Sie zus\u00e4tzlich Dokumente, Lebenslauf, Arbeitszeugnisse usw. Hochladen.\n<\/p>\n<p><span class=\"wpcf7-form-control-wrap\" data-name=\"file-880\"><input size=\"40\" class=\"wpcf7-form-control wpcf7-file\" accept=\".pdf,.txt\" aria-invalid=\"false\" type=\"file\" name=\"file-880\" \/><\/span>\n<\/p>\n<p><label><span class=\"wpcf7-form-control-wrap\" data-name=\"textarea-2\"><textarea cols=\"40\" rows=\"10\" maxlength=\"2000\" class=\"wpcf7-form-control wpcf7-textarea\" aria-invalid=\"false\" placeholder=\"Zus\u00e4tzliche Anmerkungen\" name=\"textarea-2\"><\/textarea><\/span><\/label><br \/>\n<span class=\"wpcf7-form-control-wrap\" data-name=\"zustimmung\"><span class=\"wpcf7-form-control wpcf7-acceptance\"><span class=\"wpcf7-list-item\"><label><input type=\"checkbox\" name=\"zustimmung\" value=\"1\" aria-invalid=\"false\" \/><span class=\"wpcf7-list-item-label\">Ich habe die <a href=\"https:\/\/old.moebeltransporte.lindnersolutions.de\/datenschutzerklaerung\/\">Datenschutzerkl\u00e4rung<\/a> zur Kenntnis genommen und akzeptiert. Ich stimme zu, dass meine Formularangaben zur Kontaktaufnahme bzw. zur Bearbeitung meines Anliegens gespeichert werden.<\/span><\/label><\/span><\/span><\/span><br \/>\n<span id=\"wpcf7-69f4126181dee-wrapper\" class=\"wpcf7-form-control-wrap honeypot-843-wrap\" style=\"display:none !important; visibility:hidden !important;\"><label for=\"wpcf7-69f4126181dee-field\" class=\"hp-message\">Bitte lasse dieses Feld leer.<\/label><input id=\"wpcf7-69f4126181dee-field\"  class=\"wpcf7-form-control wpcf7-text\" type=\"text\" name=\"honeypot-843\" value=\"\" size=\"40\" tabindex=\"-1\" autocomplete=\"new-password\" \/><\/span><div class=\"h-captcha\" data-sitekey=\"1aaabb54-9974-4e14-a9da-d28c58d637d6\" data-size=\"normal\" data-theme=\"light\" data-lang=\"de\"><\/div><span class=\"wpcf7-form-control-wrap cf7apps-hcaptcha\" data-name=\"cf7apps-hcaptcha\"><input type=\"hidden\" name=\"cf7apps-hcaptcha\" value=\"\" class=\"wpcf7-form-control\"><\/span><br \/>\n<input class=\"wpcf7-form-control wpcf7-submit has-spinner\" type=\"submit\" value=\"Senden\" \/>\n<\/p><div class=\"wpcf7-response-output\" aria-hidden=\"true\"><\/div>\n<\/form>\n<\/div>\n[\/vc_column_inner][\/vc_row_inner][\/vc_column][\/vc_row]\n","protected":false},"excerpt":{"rendered":"<p>[vc_row type=&#8220;full_width_content&#8220; full_screen_row_position=&#8220;middle&#8220; column_margin=&#8220;none&#8220; column_direction=&#8220;default&#8220; column_direction_tablet=&#8220;default&#8220; column_direction_phone=&#8220;default&#8220; bg_color=&#8220;#000833&#8243; scene_position=&#8220;center&#8220; top_padding=&#8220;8%&#8220; constrain_group_1=&#8220;yes&#8220; bottom_padding=&#8220;8%&#8220; left_padding_desktop=&#8220;25%&#8220; constrain_group_2=&#8220;yes&#8220; right_padding_desktop=&#8220;25%&#8220; top_padding_tablet=&#8220;12%&#8220; constrain_group_3=&#8220;yes&#8220; bottom_padding_tablet=&#8220;12%&#8220; left_padding_tablet=&#8220;18%&#8220; constrain_group_4=&#8220;yes&#8220; right_padding_tablet=&#8220;18%&#8220; top_padding_phone=&#8220;14%&#8220; constrain_group_5=&#8220;yes&#8220; bottom_padding_phone=&#8220;14%&#8220; left_padding_phone=&#8220;5%&#8220; constrain_group_6=&#8220;yes&#8220; right_padding_phone=&#8220;5%&#8220; top_margin=&#8220;0&#8243; constrain_group_7=&#8220;yes&#8220; bottom_margin=&#8220;0&#8243;&#8230;<\/p>\n","protected":false},"author":1,"featured_media":6802,"parent":5897,"menu_order":410,"comment_status":"closed","ping_status":"closed","template":"","meta":{"footnotes":""},"class_list":["post-7460","page","type-page","status-publish","has-post-thumbnail"],"yoast_head":"<!-- This site is optimized with the Yoast SEO plugin v27.5 - https:\/\/yoast.com\/product\/yoast-seo-wordpress\/ -->\n<title>Onlinebewerbung - STARKE M\u00f6beltransporte GmbH<\/title>\n<meta name=\"description\" content=\"Bewerben Sie sich schnell und unkompliziert bei uns mit unserer Onlinebewerbung. Sichere und \u00fcberdurchschnittlich verg\u00fctete Berufe.\" \/>\n<meta name=\"robots\" content=\"index, follow, max-snippet:-1, max-image-preview:large, max-video-preview:-1\" \/>\n<link rel=\"canonical\" href=\"https:\/\/old.moebeltransporte.lindnersolutions.de\/karriere\/onlinebewerbung\/\" \/>\n<meta property=\"og:locale\" content=\"de_DE\" \/>\n<meta property=\"og:type\" content=\"article\" \/>\n<meta property=\"og:title\" content=\"Onlinebewerbung - STARKE M\u00f6beltransporte GmbH\" \/>\n<meta property=\"og:description\" content=\"Bewerben Sie sich schnell und unkompliziert bei uns mit unserer Onlinebewerbung. Sichere und \u00fcberdurchschnittlich verg\u00fctete Berufe.\" \/>\n<meta property=\"og:url\" content=\"https:\/\/old.moebeltransporte.lindnersolutions.de\/karriere\/onlinebewerbung\/\" \/>\n<meta property=\"og:site_name\" content=\"STARKE M\u00f6beltransporte GmbH\" \/>\n<meta property=\"article:publisher\" content=\"https:\/\/www.facebook.com\/starkegera\" \/>\n<meta property=\"article:modified_time\" content=\"2026-02-06T16:40:03+00:00\" \/>\n<meta property=\"og:image\" content=\"https:\/\/old.moebeltransporte.lindnersolutions.de\/wp-content\/uploads\/2023\/05\/2023.05.30-Starke-Angepasst-5-1.jpg\" \/>\n\t<meta property=\"og:image:width\" content=\"2200\" \/>\n\t<meta property=\"og:image:height\" content=\"1467\" \/>\n\t<meta property=\"og:image:type\" content=\"image\/jpeg\" \/>\n<meta name=\"twitter:card\" content=\"summary_large_image\" \/>\n<meta name=\"twitter:label1\" content=\"Gesch\u00e4tzte Lesezeit\" \/>\n\t<meta name=\"twitter:data1\" content=\"1\u00a0Minute\" \/>\n<script type=\"application\/ld+json\" class=\"yoast-schema-graph\">{\"@context\":\"https:\\\/\\\/schema.org\",\"@graph\":[{\"@type\":\"WebPage\",\"@id\":\"https:\\\/\\\/old.moebeltransporte.lindnersolutions.de\\\/karriere\\\/onlinebewerbung\\\/\",\"url\":\"https:\\\/\\\/old.moebeltransporte.lindnersolutions.de\\\/karriere\\\/onlinebewerbung\\\/\",\"name\":\"Onlinebewerbung - STARKE M\u00f6beltransporte GmbH\",\"isPartOf\":{\"@id\":\"https:\\\/\\\/old.moebeltransporte.lindnersolutions.de\\\/#website\"},\"primaryImageOfPage\":{\"@id\":\"https:\\\/\\\/old.moebeltransporte.lindnersolutions.de\\\/karriere\\\/onlinebewerbung\\\/#primaryimage\"},\"image\":{\"@id\":\"https:\\\/\\\/old.moebeltransporte.lindnersolutions.de\\\/karriere\\\/onlinebewerbung\\\/#primaryimage\"},\"thumbnailUrl\":\"https:\\\/\\\/old.moebeltransporte.lindnersolutions.de\\\/wp-content\\\/uploads\\\/2023\\\/05\\\/2023.05.30-Starke-Angepasst-5-1.jpg\",\"datePublished\":\"2023-06-21T11:31:00+00:00\",\"dateModified\":\"2026-02-06T16:40:03+00:00\",\"description\":\"Bewerben Sie sich schnell und unkompliziert bei uns mit unserer Onlinebewerbung. Sichere und \u00fcberdurchschnittlich verg\u00fctete Berufe.\",\"breadcrumb\":{\"@id\":\"https:\\\/\\\/old.moebeltransporte.lindnersolutions.de\\\/karriere\\\/onlinebewerbung\\\/#breadcrumb\"},\"inLanguage\":\"de\",\"potentialAction\":[{\"@type\":\"ReadAction\",\"target\":[\"https:\\\/\\\/old.moebeltransporte.lindnersolutions.de\\\/karriere\\\/onlinebewerbung\\\/\"]}]},{\"@type\":\"ImageObject\",\"inLanguage\":\"de\",\"@id\":\"https:\\\/\\\/old.moebeltransporte.lindnersolutions.de\\\/karriere\\\/onlinebewerbung\\\/#primaryimage\",\"url\":\"https:\\\/\\\/old.moebeltransporte.lindnersolutions.de\\\/wp-content\\\/uploads\\\/2023\\\/05\\\/2023.05.30-Starke-Angepasst-5-1.jpg\",\"contentUrl\":\"https:\\\/\\\/old.moebeltransporte.lindnersolutions.de\\\/wp-content\\\/uploads\\\/2023\\\/05\\\/2023.05.30-Starke-Angepasst-5-1.jpg\",\"width\":2200,\"height\":1467,\"caption\":\"Personal f\u00fcr Umz\u00fcge mit M\u00f6beltransporte Gera\"},{\"@type\":\"BreadcrumbList\",\"@id\":\"https:\\\/\\\/old.moebeltransporte.lindnersolutions.de\\\/karriere\\\/onlinebewerbung\\\/#breadcrumb\",\"itemListElement\":[{\"@type\":\"ListItem\",\"position\":1,\"name\":\"Startseite\",\"item\":\"https:\\\/\\\/old.moebeltransporte.lindnersolutions.de\\\/\"},{\"@type\":\"ListItem\",\"position\":2,\"name\":\"Karriere\",\"item\":\"https:\\\/\\\/old.moebeltransporte.lindnersolutions.de\\\/karriere\\\/\"},{\"@type\":\"ListItem\",\"position\":3,\"name\":\"Onlinebewerbung\"}]},{\"@type\":\"WebSite\",\"@id\":\"https:\\\/\\\/old.moebeltransporte.lindnersolutions.de\\\/#website\",\"url\":\"https:\\\/\\\/old.moebeltransporte.lindnersolutions.de\\\/\",\"name\":\"STARKE M\u00f6beltransporte GmbH\",\"description\":\"Die STARKE M\u00f6beltransport GmbH ist Mitglied im Bundesverband M\u00f6belspedition und Logistik (AM\u00d6) e.V. Mehr Sicherheit f\u00fcr Ihren Umzug geht nicht.\",\"publisher\":{\"@id\":\"https:\\\/\\\/old.moebeltransporte.lindnersolutions.de\\\/#organization\"},\"potentialAction\":[{\"@type\":\"SearchAction\",\"target\":{\"@type\":\"EntryPoint\",\"urlTemplate\":\"https:\\\/\\\/old.moebeltransporte.lindnersolutions.de\\\/?s={search_term_string}\"},\"query-input\":{\"@type\":\"PropertyValueSpecification\",\"valueRequired\":true,\"valueName\":\"search_term_string\"}}],\"inLanguage\":\"de\"},{\"@type\":\"Organization\",\"@id\":\"https:\\\/\\\/old.moebeltransporte.lindnersolutions.de\\\/#organization\",\"name\":\"STARKE M\u00f6beltransporte GmbH\",\"url\":\"https:\\\/\\\/old.moebeltransporte.lindnersolutions.de\\\/\",\"logo\":{\"@type\":\"ImageObject\",\"inLanguage\":\"de\",\"@id\":\"https:\\\/\\\/old.moebeltransporte.lindnersolutions.de\\\/#\\\/schema\\\/logo\\\/image\\\/\",\"url\":\"https:\\\/\\\/old.moebeltransporte.lindnersolutions.de\\\/wp-content\\\/uploads\\\/2023\\\/05\\\/Starke-Logos.png\",\"contentUrl\":\"https:\\\/\\\/old.moebeltransporte.lindnersolutions.de\\\/wp-content\\\/uploads\\\/2023\\\/05\\\/Starke-Logos.png\",\"width\":945,\"height\":213,\"caption\":\"STARKE M\u00f6beltransporte GmbH\"},\"image\":{\"@id\":\"https:\\\/\\\/old.moebeltransporte.lindnersolutions.de\\\/#\\\/schema\\\/logo\\\/image\\\/\"},\"sameAs\":[\"https:\\\/\\\/www.facebook.com\\\/starkegera\",\"https:\\\/\\\/www.instagram.com\\\/\"]}]}<\/script>\n<!-- \/ Yoast SEO plugin. -->","yoast_head_json":{"title":"Onlinebewerbung - STARKE M\u00f6beltransporte GmbH","description":"Bewerben Sie sich schnell und unkompliziert bei uns mit unserer Onlinebewerbung. Sichere und \u00fcberdurchschnittlich verg\u00fctete Berufe.","robots":{"index":"index","follow":"follow","max-snippet":"max-snippet:-1","max-image-preview":"max-image-preview:large","max-video-preview":"max-video-preview:-1"},"canonical":"https:\/\/old.moebeltransporte.lindnersolutions.de\/karriere\/onlinebewerbung\/","og_locale":"de_DE","og_type":"article","og_title":"Onlinebewerbung - STARKE M\u00f6beltransporte GmbH","og_description":"Bewerben Sie sich schnell und unkompliziert bei uns mit unserer Onlinebewerbung. Sichere und \u00fcberdurchschnittlich verg\u00fctete Berufe.","og_url":"https:\/\/old.moebeltransporte.lindnersolutions.de\/karriere\/onlinebewerbung\/","og_site_name":"STARKE M\u00f6beltransporte GmbH","article_publisher":"https:\/\/www.facebook.com\/starkegera","article_modified_time":"2026-02-06T16:40:03+00:00","og_image":[{"width":2200,"height":1467,"url":"https:\/\/old.moebeltransporte.lindnersolutions.de\/wp-content\/uploads\/2023\/05\/2023.05.30-Starke-Angepasst-5-1.jpg","type":"image\/jpeg"}],"twitter_card":"summary_large_image","twitter_misc":{"Gesch\u00e4tzte Lesezeit":"1\u00a0Minute"},"schema":{"@context":"https:\/\/schema.org","@graph":[{"@type":"WebPage","@id":"https:\/\/old.moebeltransporte.lindnersolutions.de\/karriere\/onlinebewerbung\/","url":"https:\/\/old.moebeltransporte.lindnersolutions.de\/karriere\/onlinebewerbung\/","name":"Onlinebewerbung - STARKE M\u00f6beltransporte GmbH","isPartOf":{"@id":"https:\/\/old.moebeltransporte.lindnersolutions.de\/#website"},"primaryImageOfPage":{"@id":"https:\/\/old.moebeltransporte.lindnersolutions.de\/karriere\/onlinebewerbung\/#primaryimage"},"image":{"@id":"https:\/\/old.moebeltransporte.lindnersolutions.de\/karriere\/onlinebewerbung\/#primaryimage"},"thumbnailUrl":"https:\/\/old.moebeltransporte.lindnersolutions.de\/wp-content\/uploads\/2023\/05\/2023.05.30-Starke-Angepasst-5-1.jpg","datePublished":"2023-06-21T11:31:00+00:00","dateModified":"2026-02-06T16:40:03+00:00","description":"Bewerben Sie sich schnell und unkompliziert bei uns mit unserer Onlinebewerbung. Sichere und \u00fcberdurchschnittlich verg\u00fctete Berufe.","breadcrumb":{"@id":"https:\/\/old.moebeltransporte.lindnersolutions.de\/karriere\/onlinebewerbung\/#breadcrumb"},"inLanguage":"de","potentialAction":[{"@type":"ReadAction","target":["https:\/\/old.moebeltransporte.lindnersolutions.de\/karriere\/onlinebewerbung\/"]}]},{"@type":"ImageObject","inLanguage":"de","@id":"https:\/\/old.moebeltransporte.lindnersolutions.de\/karriere\/onlinebewerbung\/#primaryimage","url":"https:\/\/old.moebeltransporte.lindnersolutions.de\/wp-content\/uploads\/2023\/05\/2023.05.30-Starke-Angepasst-5-1.jpg","contentUrl":"https:\/\/old.moebeltransporte.lindnersolutions.de\/wp-content\/uploads\/2023\/05\/2023.05.30-Starke-Angepasst-5-1.jpg","width":2200,"height":1467,"caption":"Personal f\u00fcr Umz\u00fcge mit M\u00f6beltransporte Gera"},{"@type":"BreadcrumbList","@id":"https:\/\/old.moebeltransporte.lindnersolutions.de\/karriere\/onlinebewerbung\/#breadcrumb","itemListElement":[{"@type":"ListItem","position":1,"name":"Startseite","item":"https:\/\/old.moebeltransporte.lindnersolutions.de\/"},{"@type":"ListItem","position":2,"name":"Karriere","item":"https:\/\/old.moebeltransporte.lindnersolutions.de\/karriere\/"},{"@type":"ListItem","position":3,"name":"Onlinebewerbung"}]},{"@type":"WebSite","@id":"https:\/\/old.moebeltransporte.lindnersolutions.de\/#website","url":"https:\/\/old.moebeltransporte.lindnersolutions.de\/","name":"STARKE M\u00f6beltransporte GmbH","description":"Die STARKE M\u00f6beltransport GmbH ist Mitglied im Bundesverband M\u00f6belspedition und Logistik (AM\u00d6) e.V. Mehr Sicherheit f\u00fcr Ihren Umzug geht nicht.","publisher":{"@id":"https:\/\/old.moebeltransporte.lindnersolutions.de\/#organization"},"potentialAction":[{"@type":"SearchAction","target":{"@type":"EntryPoint","urlTemplate":"https:\/\/old.moebeltransporte.lindnersolutions.de\/?s={search_term_string}"},"query-input":{"@type":"PropertyValueSpecification","valueRequired":true,"valueName":"search_term_string"}}],"inLanguage":"de"},{"@type":"Organization","@id":"https:\/\/old.moebeltransporte.lindnersolutions.de\/#organization","name":"STARKE M\u00f6beltransporte GmbH","url":"https:\/\/old.moebeltransporte.lindnersolutions.de\/","logo":{"@type":"ImageObject","inLanguage":"de","@id":"https:\/\/old.moebeltransporte.lindnersolutions.de\/#\/schema\/logo\/image\/","url":"https:\/\/old.moebeltransporte.lindnersolutions.de\/wp-content\/uploads\/2023\/05\/Starke-Logos.png","contentUrl":"https:\/\/old.moebeltransporte.lindnersolutions.de\/wp-content\/uploads\/2023\/05\/Starke-Logos.png","width":945,"height":213,"caption":"STARKE M\u00f6beltransporte GmbH"},"image":{"@id":"https:\/\/old.moebeltransporte.lindnersolutions.de\/#\/schema\/logo\/image\/"},"sameAs":["https:\/\/www.facebook.com\/starkegera","https:\/\/www.instagram.com\/"]}]}},"_links":{"self":[{"href":"https:\/\/old.moebeltransporte.lindnersolutions.de\/index.php?rest_route=\/wp\/v2\/pages\/7460","targetHints":{"allow":["GET"]}}],"collection":[{"href":"https:\/\/old.moebeltransporte.lindnersolutions.de\/index.php?rest_route=\/wp\/v2\/pages"}],"about":[{"href":"https:\/\/old.moebeltransporte.lindnersolutions.de\/index.php?rest_route=\/wp\/v2\/types\/page"}],"author":[{"embeddable":true,"href":"https:\/\/old.moebeltransporte.lindnersolutions.de\/index.php?rest_route=\/wp\/v2\/users\/1"}],"replies":[{"embeddable":true,"href":"https:\/\/old.moebeltransporte.lindnersolutions.de\/index.php?rest_route=%2Fwp%2Fv2%2Fcomments&post=7460"}],"version-history":[{"count":2,"href":"https:\/\/old.moebeltransporte.lindnersolutions.de\/index.php?rest_route=\/wp\/v2\/pages\/7460\/revisions"}],"predecessor-version":[{"id":8703,"href":"https:\/\/old.moebeltransporte.lindnersolutions.de\/index.php?rest_route=\/wp\/v2\/pages\/7460\/revisions\/8703"}],"up":[{"embeddable":true,"href":"https:\/\/old.moebeltransporte.lindnersolutions.de\/index.php?rest_route=\/wp\/v2\/pages\/5897"}],"wp:featuredmedia":[{"embeddable":true,"href":"https:\/\/old.moebeltransporte.lindnersolutions.de\/index.php?rest_route=\/wp\/v2\/media\/6802"}],"wp:attachment":[{"href":"https:\/\/old.moebeltransporte.lindnersolutions.de\/index.php?rest_route=%2Fwp%2Fv2%2Fmedia&parent=7460"}],"curies":[{"name":"wp","href":"https:\/\/api.w.org\/{rel}","templated":true}]}}